{"id":30546,"date":"2021-05-24T11:32:09","date_gmt":"2021-05-24T09:32:09","guid":{"rendered":"https:\/\/artisans-suisses.ch\/?page_id=30546"},"modified":"2025-08-04T13:13:03","modified_gmt":"2025-08-04T11:13:03","slug":"accueil","status":"publish","type":"page","link":"https:\/\/artisans-suisses.ch\/de\/","title":{"rendered":"EMPGANG"},"content":{"rendered":"\n[et_pb_section fb_built=\u00a0\u00bb1&Prime; _builder_version=\u00a0\u00bb4.16&Prime; _module_preset=\u00a0\u00bbdefault\u00a0\u00bb background_image=\u00a0\u00bbhttps:\/\/artisans-suisses.ch\/wp-content\/uploads\/2021\/03\/CUISINE-ICE-1.jpg\u00a0\u00bb min_height=\u00a0\u00bb372.6px\u00a0\u00bb custom_margin=\u00a0\u00bb-8px||-5px|||\u00a0\u00bb custom_padding=\u00a0\u00bb398px||398px||true|\u00a0\u00bb border_color_all=\u00a0\u00bbRGBA(0,0,0,0)\u00a0\u00bb border_style_all=\u00a0\u00bbnone\u00a0\u00bb border_width_top=\u00a0\u00bb13px\u00a0\u00bb border_color_top=\u00a0\u00bb#db0812&Prime; global_colors_info=\u00a0\u00bb{}\u00a0\u00bb][et_pb_row make_equal=\u00a0\u00bbon\u00a0\u00bb custom_padding_last_edited=\u00a0\u00bbon|desktop\u00a0\u00bb _builder_version=\u00a0\u00bb4.16&Prime; _module_preset=\u00a0\u00bbdefault\u00a0\u00bb width=\u00a0\u00bbauto\u00a0\u00bb custom_margin=\u00a0\u00bb-469px||-300px||false|false\u00a0\u00bb custom_margin_tablet=\u00a0\u00bb-323px||||false|false\u00a0\u00bb custom_margin_phone=\u00a0\u00bb-401px||-338px||false|false\u00a0\u00bb custom_margin_last_edited=\u00a0\u00bbon|desktop\u00a0\u00bb custom_padding=\u00a0\u00bb98px|||||\u00a0\u00bb custom_padding_tablet=\u00a0\u00bb\u00a0\u00bb custom_padding_phone=\u00a0\u00bb0px||||false|false\u00a0\u00bb global_colors_info=\u00a0\u00bb{}\u00a0\u00bb][et_pb_column type=\u00a0\u00bb4_4&Prime; _builder_version=\u00a0\u00bb4.16&Prime; _module_preset=\u00a0\u00bbdefault\u00a0\u00bb global_colors_info=\u00a0\u00bb{}\u00a0\u00bb][et_pb_text admin_label=\u00a0\u00bbBienvenue\u00a0\u00bb _builder_version=\u00a0\u00bb4.16&Prime; _module_preset=\u00a0\u00bbdefault\u00a0\u00bb text_font=\u00a0\u00bb|700|||||||\u00a0\u00bb text_text_color=\u00a0\u00bb#FFFFFF\u00a0\u00bb text_font_size=\u00a0\u00bb70px\u00a0\u00bb header_text_color=\u00a0\u00bb#FFFFFF\u00a0\u00bb header_font_size=\u00a0\u00bb22px\u00a0\u00bb text_orientation=\u00a0\u00bbcenter\u00a0\u00bb custom_margin=\u00a0\u00bb300px|0px||0px|false|false\u00a0\u00bb custom_margin_tablet=\u00a0\u00bb137px||||false|false\u00a0\u00bb custom_margin_phone=\u00a0\u00bb280px||||false|false\u00a0\u00bb custom_margin_last_edited=\u00a0\u00bbon|phone\u00a0\u00bb custom_padding=\u00a0\u00bb0px|0px|0px|0px|false|false\u00a0\u00bb text_font_size_tablet=\u00a0\u00bb60px\u00a0\u00bb text_font_size_phone=\u00a0\u00bb32px\u00a0\u00bb text_font_size_last_edited=\u00a0\u00bbon|desktop\u00a0\u00bb global_colors_info=\u00a0\u00bb{}\u00a0\u00bb text_font_size__hover_enabled=\u00a0\u00bbon|desktop\u00a0\u00bb text_font_size__hover=\u00a0\u00bb70px\u00a0\u00bb]<p>BIENVENUE<\/p>[\/et_pb_text][et_pb_divider color=\u00a0\u00bbRGBA(0,0,0,0)\u00a0\u00bb color_tablet=\u00a0\u00bb\u00a0\u00bb color_phone=\u00a0\u00bb\u00a0\u00bb color_last_edited=\u00a0\u00bbon|desktop\u00a0\u00bb show_divider_tablet=\u00a0\u00bb\u00a0\u00bb show_divider_phone=\u00a0\u00bb\u00a0\u00bb show_divider_last_edited=\u00a0\u00bbon|desktop\u00a0\u00bb divider_style_tablet=\u00a0\u00bb\u00a0\u00bb divider_style_phone=\u00a0\u00bb\u00a0\u00bb divider_style_last_edited=\u00a0\u00bbon|desktop\u00a0\u00bb divider_position_tablet=\u00a0\u00bb\u00a0\u00bb divider_position_phone=\u00a0\u00bb\u00a0\u00bb divider_position_last_edited=\u00a0\u00bbon|desktop\u00a0\u00bb divider_weight_last_edited=\u00a0\u00bboff|desktop\u00a0\u00bb _builder_version=\u00a0\u00bb4.16&Prime; _module_preset=\u00a0\u00bbdefault\u00a0\u00bb background_color=\u00a0\u00bbRGBA(0,0,0,0)\u00a0\u00bb width_tablet=\u00a0\u00bb\u00a0\u00bb width_phone=\u00a0\u00bb\u00a0\u00bb width_last_edited=\u00a0\u00bbon|phone\u00a0\u00bb max_width=\u00a0\u00bb1000px\u00a0\u00bb max_width_tablet=\u00a0\u00bb600px\u00a0\u00bb max_width_phone=\u00a0\u00bb300px\u00a0\u00bb max_width_last_edited=\u00a0\u00bbon|phone\u00a0\u00bb module_alignment=\u00a0\u00bbcenter\u00a0\u00bb min_height_last_edited=\u00a0\u00bboff|desktop\u00a0\u00bb height_last_edited=\u00a0\u00bboff|desktop\u00a0\u00bb max_height_last_edited=\u00a0\u00bboff|desktop\u00a0\u00bb custom_margin=\u00a0\u00bb40px||0px||false|false\u00a0\u00bb custom_margin_tablet=\u00a0\u00bb\u00a0\u00bb custom_margin_phone=\u00a0\u00bb-15px||||false|false\u00a0\u00bb custom_margin_last_edited=\u00a0\u00bbon|phone\u00a0\u00bb module_alignment_last_edited=\u00a0\u00bboff|desktop\u00a0\u00bb border_width_top=\u00a0\u00bb1px\u00a0\u00bb border_color_top=\u00a0\u00bb#FFFFFF\u00a0\u00bb global_colors_info=\u00a0\u00bb{}\u00a0\u00bb][\/et_pb_divider][et_pb_text content_tablet=\u00a0\u00bb<p style=%22text-align: center;%22>Je r\u00e9nove,  je transforme,<br \/>je construis<br \/>je travaille avec les  pro D&rsquo;<\/p>\u00a0\u00bb content_phone=\u00a0\u00bb<p style=%22text-align: center;%22>Je r\u00e9nove, je transforme,<br \/>je construis<br \/>je travaille avec les pro D&rsquo;<\/p>\u00a0\u00bb content_last_edited=\u00a0\u00bboff|phone\u00a0\u00bb admin_label=\u00a0\u00bbJe r\u00e9nove\u00a0\u00bb _builder_version=\u00a0\u00bb4.21.0&Prime; _module_preset=\u00a0\u00bbdefault\u00a0\u00bb text_font=\u00a0\u00bb|600||on|||||\u00a0\u00bb text_text_color=\u00a0\u00bb#FFFFFF\u00a0\u00bb text_font_size=\u00a0\u00bb20px\u00a0\u00bb text_line_height=\u00a0\u00bb1.5em\u00a0\u00bb header_text_color=\u00a0\u00bb#3d3c3c\u00a0\u00bb text_orientation=\u00a0\u00bbcenter\u00a0\u00bb custom_margin=\u00a0\u00bb0px|0px||0px|false|false\u00a0\u00bb custom_margin_tablet=\u00a0\u00bb-106px||||false|false\u00a0\u00bb custom_margin_phone=\u00a0\u00bb-25px||||false|false\u00a0\u00bb custom_margin_last_edited=\u00a0\u00bboff|phone\u00a0\u00bb custom_padding=\u00a0\u00bb0px|0px|0px|0px|false|false\u00a0\u00bb custom_padding_tablet=\u00a0\u00bb\u00a0\u00bb custom_padding_phone=\u00a0\u00bb\u00a0\u00bb custom_padding_last_edited=\u00a0\u00bbon|phone\u00a0\u00bb hover_enabled=\u00a0\u00bb0&Prime; text_font_size_tablet=\u00a0\u00bb\u00a0\u00bb text_font_size_phone=\u00a0\u00bb14px\u00a0\u00bb text_font_size_last_edited=\u00a0\u00bbon|phone\u00a0\u00bb global_colors_info=\u00a0\u00bb{}\u00a0\u00bb sticky_enabled=\u00a0\u00bb0&Prime;]<p style=\"text-align: center;\">R\u00e9nover,\u00a0 Transformer, Construire<br \/>Avec les\u00a0 pros D&rsquo;<\/p>[\/et_pb_text][et_pb_text content_tablet=\u00a0\u00bb<p style=%22text-align: center;%22>ARTISANS SUISSES<\/p>\u00a0\u00bb content_phone=\u00a0\u00bb<p style=%22text-align: center;%22>ARTISANS SUISSES<\/p>\u00a0\u00bb content_last_edited=\u00a0\u00bbon|phone\u00a0\u00bb admin_label=\u00a0\u00bbArtisans Suisses\u00a0\u00bb _builder_version=\u00a0\u00bb4.16&Prime; _module_preset=\u00a0\u00bbdefault\u00a0\u00bb text_font=\u00a0\u00bb|700||on|||||\u00a0\u00bb text_text_color=\u00a0\u00bb#ffffff\u00a0\u00bb text_font_size=\u00a0\u00bb70px\u00a0\u00bb text_line_height=\u00a0\u00bb1.5em\u00a0\u00bb text_orientation=\u00a0\u00bbcenter\u00a0\u00bb custom_margin=\u00a0\u00bb-48px|0px||0px|false|false\u00a0\u00bb custom_margin_tablet=\u00a0\u00bb-17px||||false|false\u00a0\u00bb custom_margin_phone=\u00a0\u00bb-17px|||0px|false|false\u00a0\u00bb custom_margin_last_edited=\u00a0\u00bbon|desktop\u00a0\u00bb custom_padding=\u00a0\u00bb0px||||false|false\u00a0\u00bb custom_padding_tablet=\u00a0\u00bb\u00a0\u00bb custom_padding_phone=\u00a0\u00bb\u00a0\u00bb custom_padding_last_edited=\u00a0\u00bbon|desktop\u00a0\u00bb text_font_last_edited=\u00a0\u00bboff|phone\u00a0\u00bb text_text_color_last_edited=\u00a0\u00bboff|phone\u00a0\u00bb text_font_size_tablet=\u00a0\u00bb45px\u00a0\u00bb text_font_size_phone=\u00a0\u00bb27px\u00a0\u00bb text_font_size_last_edited=\u00a0\u00bbon|phone\u00a0\u00bb text_letter_spacing_last_edited=\u00a0\u00bboff|phone\u00a0\u00bb text_line_height_tablet=\u00a0\u00bb1em\u00a0\u00bb text_line_height_phone=\u00a0\u00bb\u00a0\u00bb text_line_height_last_edited=\u00a0\u00bbon|phone\u00a0\u00bb text_orientation_last_edited=\u00a0\u00bboff|phone\u00a0\u00bb background_layout_last_edited=\u00a0\u00bboff|phone\u00a0\u00bb global_colors_info=\u00a0\u00bb{}\u00a0\u00bb]<p style=\"text-align: center;\">ARTISANS SUISSES<\/p>[\/et_pb_text][et_pb_text content_last_edited=\u00a0\u00bboff|tablet\u00a0\u00bb admin_label=\u00a0\u00bbBlabla\u00a0\u00bb _builder_version=\u00a0\u00bb4.16&Prime; _module_preset=\u00a0\u00bbdefault\u00a0\u00bb text_font=\u00a0\u00bbAbel||||||||\u00a0\u00bb text_text_color=\u00a0\u00bb#FFFFFF\u00a0\u00bb text_font_size=\u00a0\u00bb18px\u00a0\u00bb text_letter_spacing=\u00a0\u00bb1px\u00a0\u00bb text_line_height=\u00a0\u00bb1.6em\u00a0\u00bb background_color=\u00a0\u00bbrgba(58,58,57,0.3)\u00a0\u00bb text_orientation=\u00a0\u00bbcenter\u00a0\u00bb width=\u00a0\u00bb800px\u00a0\u00bb width_tablet=\u00a0\u00bb600px\u00a0\u00bb width_phone=\u00a0\u00bb500px\u00a0\u00bb width_last_edited=\u00a0\u00bbon|tablet\u00a0\u00bb max_width=\u00a0\u00bb1000px\u00a0\u00bb max_width_tablet=\u00a0\u00bb\u00a0\u00bb max_width_phone=\u00a0\u00bb300px\u00a0\u00bb max_width_last_edited=\u00a0\u00bbon|tablet\u00a0\u00bb module_alignment=\u00a0\u00bbcenter\u00a0\u00bb min_height_tablet=\u00a0\u00bb\u00a0\u00bb min_height_phone=\u00a0\u00bb\u00a0\u00bb min_height_last_edited=\u00a0\u00bbon|tablet\u00a0\u00bb height_tablet=\u00a0\u00bb\u00a0\u00bb height_phone=\u00a0\u00bb\u00a0\u00bb height_last_edited=\u00a0\u00bbon|tablet\u00a0\u00bb max_height_tablet=\u00a0\u00bb\u00a0\u00bb max_height_phone=\u00a0\u00bb\u00a0\u00bb max_height_last_edited=\u00a0\u00bbon|tablet\u00a0\u00bb custom_margin=\u00a0\u00bb0px||0px||false|false\u00a0\u00bb custom_margin_tablet=\u00a0\u00bb-3px||||false|false\u00a0\u00bb custom_margin_phone=\u00a0\u00bb0px||||false|false\u00a0\u00bb custom_margin_last_edited=\u00a0\u00bboff|tablet\u00a0\u00bb custom_padding=\u00a0\u00bb20px|20px|20px|20px|false|false\u00a0\u00bb custom_padding_tablet=\u00a0\u00bb\u00a0\u00bb custom_padding_phone=\u00a0\u00bb\u00a0\u00bb custom_padding_last_edited=\u00a0\u00bbon|tablet\u00a0\u00bb hover_enabled=\u00a0\u00bb0&Prime; module_alignment_tablet=\u00a0\u00bb\u00a0\u00bb module_alignment_phone=\u00a0\u00bb\u00a0\u00bb module_alignment_last_edited=\u00a0\u00bbon|tablet\u00a0\u00bb border_radii=\u00a0\u00bbon|14px|14px|14px|14px\u00a0\u00bb global_colors_info=\u00a0\u00bb{}\u00a0\u00bb sticky_enabled=\u00a0\u00bb0&Prime;]<p style=\"text-align: center;\">Un groupement de plusieurs ARTISANS qualifi\u00e9s dans le domaine du b\u00e2timent qui se sont unifi\u00e9s dans le courant du printemps 2015. Chaque ARTISAN est responsable de son propre domaine et assure aux architectes, promoteurs et priv\u00e9s l&rsquo;ex\u00e9cution la meilleure des travaux.<br \/>Venez visiter notre nouveau showroom \u00e0 Romanel sur Lausanne.<\/p>[\/et_pb_text][\/et_pb_column][\/et_pb_row][\/et_pb_section]\n","protected":false},"excerpt":{"rendered":"<p>BIENVENUER\u00e9nover,\u00a0 Transformer, ConstruireAvec les\u00a0 pros D&rsquo;ARTISANS SUISSESUn groupement de plusieurs ARTISANS qualifi\u00e9s dans le domaine du b\u00e2timent qui se sont unifi\u00e9s dans le courant du printemps 2015. Chaque ARTISAN est responsable de son propre domaine et assure aux architectes, promoteurs et priv\u00e9s l&rsquo;ex\u00e9cution la meilleure des travaux.Venez visiter notre nouveau showroom \u00e0 Romanel sur Lausanne.<\/p>","protected":false},"author":1,"featured_media":0,"parent":0,"menu_order":0,"comment_status":"closed","ping_status":"closed","template":"","meta":{"_et_pb_use_builder":"on","_et_pb_old_content":"","_et_gb_content_width":"","footnotes":""},"class_list":["post-30546","page","type-page","status-publish","hentry"],"yoast_head":"<!-- This site is optimized with the Yoast SEO plugin v27.3 - https:\/\/yoast.com\/product\/yoast-seo-wordpress\/ -->\n<title>Artisans Suisses pour vos Projets de Construction et R\u00e9novation<\/title>\n<meta name=\"description\" content=\"Artisans Suisses propose des produits italiens \u00e0 l\u2019avant-garde avec un rapport qualit\u00e9 prix parfait : PORTES - FEN\u00caTRES - PERGOLAS - CUISINES - CARRELAGES - PARQUETS. Chaque ARTISAN est responsable de son propre domaine et assure aux architectes, promoteurs et priv\u00e9s l&#039;ex\u00e9cution la meilleure des travaux.\" \/>\n<meta name=\"robots\" content=\"index, follow, max-snippet:-1, max-image-preview:large, max-video-preview:-1\" \/>\n<link rel=\"canonical\" href=\"https:\/\/artisans-suisses.ch\/de\/\" \/>\n<meta property=\"og:locale\" content=\"de_DE\" \/>\n<meta property=\"og:type\" content=\"article\" \/>\n<meta property=\"og:title\" content=\"Artisans Suisses pour vos Projets de Construction et R\u00e9novation\" \/>\n<meta property=\"og:description\" content=\"Artisans Suisses propose des produits italiens \u00e0 l\u2019avant-garde avec un rapport qualit\u00e9 prix parfait : PORTES - FEN\u00caTRES - PERGOLAS - CUISINES - CARRELAGES - PARQUETS. Chaque ARTISAN est responsable de son propre domaine et assure aux architectes, promoteurs et priv\u00e9s l&#039;ex\u00e9cution la meilleure des travaux.\" \/>\n<meta property=\"og:url\" content=\"https:\/\/artisans-suisses.ch\/de\/\" \/>\n<meta property=\"og:site_name\" content=\"artisans-suisses\" \/>\n<meta property=\"article:modified_time\" content=\"2025-08-04T11:13:03+00:00\" \/>\n<meta name=\"twitter:card\" content=\"summary_large_image\" \/>\n<meta name=\"twitter:label1\" content=\"Gesch\u00e4tzte Lesezeit\" \/>\n\t<meta name=\"twitter:data1\" content=\"1\u00a0Minute\" \/>\n<script type=\"application\/ld+json\" class=\"yoast-schema-graph\">{\"@context\":\"https:\\\/\\\/schema.org\",\"@graph\":[{\"@type\":\"WebPage\",\"@id\":\"https:\\\/\\\/artisans-suisses.ch\\\/\",\"url\":\"https:\\\/\\\/artisans-suisses.ch\\\/\",\"name\":\"Artisans Suisses pour vos Projets de Construction et R\u00e9novation\",\"isPartOf\":{\"@id\":\"https:\\\/\\\/artisans-suisses.ch\\\/#website\"},\"datePublished\":\"2021-05-24T09:32:09+00:00\",\"dateModified\":\"2025-08-04T11:13:03+00:00\",\"description\":\"Artisans Suisses propose des produits italiens \u00e0 l\u2019avant-garde avec un rapport qualit\u00e9 prix parfait : PORTES - FEN\u00caTRES - PERGOLAS - CUISINES - CARRELAGES - PARQUETS. Chaque ARTISAN est responsable de son propre domaine et assure aux architectes, promoteurs et priv\u00e9s l'ex\u00e9cution la meilleure des travaux.\",\"breadcrumb\":{\"@id\":\"https:\\\/\\\/artisans-suisses.ch\\\/#breadcrumb\"},\"inLanguage\":\"de\",\"potentialAction\":[{\"@type\":\"ReadAction\",\"target\":[\"https:\\\/\\\/artisans-suisses.ch\\\/\"]}]},{\"@type\":\"BreadcrumbList\",\"@id\":\"https:\\\/\\\/artisans-suisses.ch\\\/#breadcrumb\",\"itemListElement\":[{\"@type\":\"ListItem\",\"position\":1,\"name\":\"Accueil\",\"item\":\"https:\\\/\\\/artisans-suisses.ch\\\/\"},{\"@type\":\"ListItem\",\"position\":2,\"name\":\"ACCUEIL\"}]},{\"@type\":\"WebSite\",\"@id\":\"https:\\\/\\\/artisans-suisses.ch\\\/#website\",\"url\":\"https:\\\/\\\/artisans-suisses.ch\\\/\",\"name\":\"artisans-suisses\",\"description\":\"Les meilleurs artisans suisses\",\"publisher\":{\"@id\":\"https:\\\/\\\/artisans-suisses.ch\\\/#organization\"},\"alternateName\":\"artisans suisses\",\"potentialAction\":[{\"@type\":\"SearchAction\",\"target\":{\"@type\":\"EntryPoint\",\"urlTemplate\":\"https:\\\/\\\/artisans-suisses.ch\\\/?s={search_term_string}\"},\"query-input\":{\"@type\":\"PropertyValueSpecification\",\"valueRequired\":true,\"valueName\":\"search_term_string\"}}],\"inLanguage\":\"de\"},{\"@type\":\"Organization\",\"@id\":\"https:\\\/\\\/artisans-suisses.ch\\\/#organization\",\"name\":\"Artisans Suisses\",\"alternateName\":\"AS\",\"url\":\"https:\\\/\\\/artisans-suisses.ch\\\/\",\"logo\":{\"@type\":\"ImageObject\",\"inLanguage\":\"de\",\"@id\":\"https:\\\/\\\/artisans-suisses.ch\\\/#\\\/schema\\\/logo\\\/image\\\/\",\"url\":\"https:\\\/\\\/artisans-suisses.ch\\\/wp-content\\\/uploads\\\/2021\\\/03\\\/artisans.gif\",\"contentUrl\":\"https:\\\/\\\/artisans-suisses.ch\\\/wp-content\\\/uploads\\\/2021\\\/03\\\/artisans.gif\",\"width\":500,\"height\":346,\"caption\":\"Artisans Suisses\"},\"image\":{\"@id\":\"https:\\\/\\\/artisans-suisses.ch\\\/#\\\/schema\\\/logo\\\/image\\\/\"}}]}<\/script>\n<!-- \/ Yoast SEO plugin. -->","yoast_head_json":{"title":"Artisans Suisses pour vos Projets de Construction et R\u00e9novation","description":"Artisans Suisses propose des produits italiens \u00e0 l\u2019avant-garde avec un rapport qualit\u00e9 prix parfait : PORTES - FEN\u00caTRES - PERGOLAS - CUISINES - CARRELAGES - PARQUETS. Chaque ARTISAN est responsable de son propre domaine et assure aux architectes, promoteurs et priv\u00e9s l'ex\u00e9cution la meilleure des travaux.","robots":{"index":"index","follow":"follow","max-snippet":"max-snippet:-1","max-image-preview":"max-image-preview:large","max-video-preview":"max-video-preview:-1"},"canonical":"https:\/\/artisans-suisses.ch\/de\/","og_locale":"de_DE","og_type":"article","og_title":"Artisans Suisses pour vos Projets de Construction et R\u00e9novation","og_description":"Artisans Suisses propose des produits italiens \u00e0 l\u2019avant-garde avec un rapport qualit\u00e9 prix parfait : PORTES - FEN\u00caTRES - PERGOLAS - CUISINES - CARRELAGES - PARQUETS. Chaque ARTISAN est responsable de son propre domaine et assure aux architectes, promoteurs et priv\u00e9s l'ex\u00e9cution la meilleure des travaux.","og_url":"https:\/\/artisans-suisses.ch\/de\/","og_site_name":"artisans-suisses","article_modified_time":"2025-08-04T11:13:03+00:00","twitter_card":"summary_large_image","twitter_misc":{"Gesch\u00e4tzte Lesezeit":"1\u00a0Minute"},"schema":{"@context":"https:\/\/schema.org","@graph":[{"@type":"WebPage","@id":"https:\/\/artisans-suisses.ch\/","url":"https:\/\/artisans-suisses.ch\/","name":"Artisans Suisses pour vos Projets de Construction et R\u00e9novation","isPartOf":{"@id":"https:\/\/artisans-suisses.ch\/#website"},"datePublished":"2021-05-24T09:32:09+00:00","dateModified":"2025-08-04T11:13:03+00:00","description":"Artisans Suisses propose des produits italiens \u00e0 l\u2019avant-garde avec un rapport qualit\u00e9 prix parfait : PORTES - FEN\u00caTRES - PERGOLAS - CUISINES - CARRELAGES - PARQUETS. Chaque ARTISAN est responsable de son propre domaine et assure aux architectes, promoteurs et priv\u00e9s l'ex\u00e9cution la meilleure des travaux.","breadcrumb":{"@id":"https:\/\/artisans-suisses.ch\/#breadcrumb"},"inLanguage":"de","potentialAction":[{"@type":"ReadAction","target":["https:\/\/artisans-suisses.ch\/"]}]},{"@type":"BreadcrumbList","@id":"https:\/\/artisans-suisses.ch\/#breadcrumb","itemListElement":[{"@type":"ListItem","position":1,"name":"Accueil","item":"https:\/\/artisans-suisses.ch\/"},{"@type":"ListItem","position":2,"name":"ACCUEIL"}]},{"@type":"WebSite","@id":"https:\/\/artisans-suisses.ch\/#website","url":"https:\/\/artisans-suisses.ch\/","name":"artisans-suisses","description":"Les meilleurs artisans suisses","publisher":{"@id":"https:\/\/artisans-suisses.ch\/#organization"},"alternateName":"artisans suisses","potentialAction":[{"@type":"SearchAction","target":{"@type":"EntryPoint","urlTemplate":"https:\/\/artisans-suisses.ch\/?s={search_term_string}"},"query-input":{"@type":"PropertyValueSpecification","valueRequired":true,"valueName":"search_term_string"}}],"inLanguage":"de"},{"@type":"Organization","@id":"https:\/\/artisans-suisses.ch\/#organization","name":"Artisans Suisses","alternateName":"AS","url":"https:\/\/artisans-suisses.ch\/","logo":{"@type":"ImageObject","inLanguage":"de","@id":"https:\/\/artisans-suisses.ch\/#\/schema\/logo\/image\/","url":"https:\/\/artisans-suisses.ch\/wp-content\/uploads\/2021\/03\/artisans.gif","contentUrl":"https:\/\/artisans-suisses.ch\/wp-content\/uploads\/2021\/03\/artisans.gif","width":500,"height":346,"caption":"Artisans Suisses"},"image":{"@id":"https:\/\/artisans-suisses.ch\/#\/schema\/logo\/image\/"}}]}},"_links":{"self":[{"href":"https:\/\/artisans-suisses.ch\/de\/wp-json\/wp\/v2\/pages\/30546","targetHints":{"allow":["GET"]}}],"collection":[{"href":"https:\/\/artisans-suisses.ch\/de\/wp-json\/wp\/v2\/pages"}],"about":[{"href":"https:\/\/artisans-suisses.ch\/de\/wp-json\/wp\/v2\/types\/page"}],"author":[{"embeddable":true,"href":"https:\/\/artisans-suisses.ch\/de\/wp-json\/wp\/v2\/users\/1"}],"replies":[{"embeddable":true,"href":"https:\/\/artisans-suisses.ch\/de\/wp-json\/wp\/v2\/comments?post=30546"}],"version-history":[{"count":240,"href":"https:\/\/artisans-suisses.ch\/de\/wp-json\/wp\/v2\/pages\/30546\/revisions"}],"predecessor-version":[{"id":31824,"href":"https:\/\/artisans-suisses.ch\/de\/wp-json\/wp\/v2\/pages\/30546\/revisions\/31824"}],"wp:attachment":[{"href":"https:\/\/artisans-suisses.ch\/de\/wp-json\/wp\/v2\/media?parent=30546"}],"curies":[{"name":"wp","href":"https:\/\/api.w.org\/{rel}","templated":true}]}}